{"id":16840,"date":"2023-06-07T10:33:21","date_gmt":"2023-06-07T10:33:21","guid":{"rendered":"https:\/\/ollesapena.com\/cookies\/"},"modified":"2024-02-01T10:51:30","modified_gmt":"2024-02-01T10:51:30","slug":"cookies","status":"publish","type":"page","link":"https:\/\/ollesapena.com\/ca\/cookies\/","title":{"rendered":"Pol\u00edtica de cookies"},"content":{"rendered":"<p>[et_pb_section fb_built=&#8221;1&#8243; theme_builder_area=&#8221;post_content&#8221; _builder_version=&#8221;4.21.0&#8243; _module_preset=&#8221;default&#8221;][et_pb_row _builder_version=&#8221;4.21.0&#8243; _module_preset=&#8221;default&#8221; theme_builder_area=&#8221;post_content&#8221;][et_pb_column _builder_version=&#8221;4.21.0&#8243; _module_preset=&#8221;default&#8221; type=&#8221;4_4&#8243; theme_builder_area=&#8221;post_content&#8221;][et_pb_text _builder_version=&#8221;4.21.0&#8243; _module_preset=&#8221;default&#8221; theme_builder_area=&#8221;post_content&#8221; hover_enabled=&#8221;0&#8243; sticky_enabled=&#8221;0&#8243;]<\/p>\n<h1>Pol\u00edtica de cookies<\/h1>\n<p>Oll\u00e9&amp;Sapena, C.B no utilitza cookies per a recollir informaci\u00f3 de les persones usu\u00e0ries. \u00danicament s&#8217;utilitzen cookies pr\u00f2pies, de sessi\u00f3, amb finalitat t\u00e8cnica (aquelles que permeten a la persona usu\u00e0ria la navegaci\u00f3 a trav\u00e9s del lloc web i la utilitzaci\u00f3 de les diferents opcions i serveis que en ella existeixen).<\/p>\n<p>El portal del qual \u00e9s titular Oll\u00e9&amp;Sapena, C.B cont\u00e9 enlla\u00e7os a llocs web de tercers, les pol\u00edtiques de privacitat dels quals s\u00f3n alienes a la d&#8217;Oll\u00e9&amp;Sapena, C.B. En accedir a tals llocs web vost\u00e8 pot decidir si accepta les seves pol\u00edtiques de privacitat i de cookies. Amb car\u00e0cter general, si navega per internet vost\u00e8 pot acceptar o rebutjar les cookies de tercers des de les opcions de configuraci\u00f3 del seu navegador.<\/p>\n<p>&nbsp;<\/p>\n<p>[\/et_pb_text][\/et_pb_column][\/et_pb_row][\/et_pb_section]<\/p>\n","protected":false},"excerpt":{"rendered":"<p>Pol\u00edtica de cookies Oll\u00e9&amp;Sapena, C.B no utilitza cookies per a recollir informaci\u00f3 de les persones usu\u00e0ries. \u00danicament s&#8217;utilitzen cookies pr\u00f2pies, de sessi\u00f3, amb finalitat t\u00e8cnica (aquelles que permeten a la persona usu\u00e0ria la navegaci\u00f3 a trav\u00e9s del lloc web i la utilitzaci\u00f3 de les diferents opcions i serveis que en ella existeixen). El portal del [&hellip;]<\/p>\n","protected":false},"author":2,"featured_media":0,"parent":0,"menu_order":0,"comment_status":"closed","ping_status":"closed","template":"","meta":{"_et_pb_use_builder":"on","_et_pb_old_content":"","_et_gb_content_width":"","footnotes":""},"class_list":["post-16840","page","type-page","status-publish","hentry"],"yoast_head":"<!-- This site is optimized with the Yoast SEO plugin v21.9.1 - https:\/\/yoast.com\/wordpress\/plugins\/seo\/ -->\n<title>Pol\u00edtica de cookies - OLL\u00c9 SAPENA PROCURADORES<\/title>\n<meta name=\"robots\" content=\"noindex, nofollow\" \/>\n<meta property=\"og:locale\" content=\"ca_ES\" \/>\n<meta property=\"og:type\" content=\"article\" \/>\n<meta property=\"og:title\" content=\"Pol\u00edtica de cookies - OLL\u00c9 SAPENA PROCURADORES\" \/>\n<meta property=\"og:description\" content=\"Pol\u00edtica de cookies Oll\u00e9&amp;Sapena, C.B no utilitza cookies per a recollir informaci\u00f3 de les persones usu\u00e0ries. \u00danicament s&#039;utilitzen cookies pr\u00f2pies, de sessi\u00f3, amb finalitat t\u00e8cnica (aquelles que permeten a la persona usu\u00e0ria la navegaci\u00f3 a trav\u00e9s del lloc web i la utilitzaci\u00f3 de les diferents opcions i serveis que en ella existeixen). El portal del [&hellip;]\" \/>\n<meta property=\"og:url\" content=\"https:\/\/ollesapena.com\/cookies\/\" \/>\n<meta property=\"og:site_name\" content=\"OLL\u00c9 SAPENA PROCURADORES\" \/>\n<meta property=\"article:modified_time\" content=\"2024-02-01T10:51:30+00:00\" \/>\n<meta name=\"twitter:card\" content=\"summary_large_image\" \/>\n<meta name=\"twitter:label1\" content=\"Temps estimat de lectura\" \/>\n\t<meta name=\"twitter:data1\" content=\"1 minut\" \/>\n<script type=\"application\/ld+json\" class=\"yoast-schema-graph\">{\"@context\":\"https:\/\/schema.org\",\"@graph\":[{\"@type\":\"WebPage\",\"@id\":\"https:\/\/ollesapena.com\/cookies\/\",\"url\":\"https:\/\/ollesapena.com\/cookies\/\",\"name\":\"Pol\u00edtica de cookies - OLL\u00c9 SAPENA PROCURADORES\",\"isPartOf\":{\"@id\":\"https:\/\/ollesapena.com\/#website\"},\"datePublished\":\"2023-06-07T10:33:21+00:00\",\"dateModified\":\"2024-02-01T10:51:30+00:00\",\"breadcrumb\":{\"@id\":\"https:\/\/ollesapena.com\/cookies\/#breadcrumb\"},\"inLanguage\":\"ca\",\"potentialAction\":[{\"@type\":\"ReadAction\",\"target\":[\"https:\/\/ollesapena.com\/cookies\/\"]}]},{\"@type\":\"BreadcrumbList\",\"@id\":\"https:\/\/ollesapena.com\/cookies\/#breadcrumb\",\"itemListElement\":[{\"@type\":\"ListItem\",\"position\":1,\"name\":\"Portada\",\"item\":\"https:\/\/ollesapena.com\/ca\/\"},{\"@type\":\"ListItem\",\"position\":2,\"name\":\"Pol\u00edtica de cookies\"}]},{\"@type\":\"WebSite\",\"@id\":\"https:\/\/ollesapena.com\/#website\",\"url\":\"https:\/\/ollesapena.com\/\",\"name\":\"OLL\u00c9 SAPENA PROCURADORES\",\"description\":\"Despacho de procuradores en Lleida\",\"publisher\":{\"@id\":\"https:\/\/ollesapena.com\/#organization\"},\"potentialAction\":[{\"@type\":\"SearchAction\",\"target\":{\"@type\":\"EntryPoint\",\"urlTemplate\":\"https:\/\/ollesapena.com\/?s={search_term_string}\"},\"query-input\":\"required name=search_term_string\"}],\"inLanguage\":\"ca\"},{\"@type\":\"Organization\",\"@id\":\"https:\/\/ollesapena.com\/#organization\",\"name\":\"OLL\u00c9 SAPENA PROCURADORES\",\"url\":\"https:\/\/ollesapena.com\/\",\"logo\":{\"@type\":\"ImageObject\",\"inLanguage\":\"ca\",\"@id\":\"https:\/\/ollesapena.com\/#\/schema\/logo\/image\/\",\"url\":\"https:\/\/ollesapena.com\/wp-content\/uploads\/2022\/03\/1LOGO-OLLE-SAPENA-2.png\",\"contentUrl\":\"https:\/\/ollesapena.com\/wp-content\/uploads\/2022\/03\/1LOGO-OLLE-SAPENA-2.png\",\"width\":515,\"height\":222,\"caption\":\"OLL\u00c9 SAPENA PROCURADORES\"},\"image\":{\"@id\":\"https:\/\/ollesapena.com\/#\/schema\/logo\/image\/\"}}]}<\/script>\n<!-- \/ Yoast SEO plugin. -->","yoast_head_json":{"title":"Pol\u00edtica de cookies - OLL\u00c9 SAPENA PROCURADORES","robots":{"index":"noindex","follow":"nofollow"},"og_locale":"ca_ES","og_type":"article","og_title":"Pol\u00edtica de cookies - OLL\u00c9 SAPENA PROCURADORES","og_description":"Pol\u00edtica de cookies Oll\u00e9&amp;Sapena, C.B no utilitza cookies per a recollir informaci\u00f3 de les persones usu\u00e0ries. \u00danicament s'utilitzen cookies pr\u00f2pies, de sessi\u00f3, amb finalitat t\u00e8cnica (aquelles que permeten a la persona usu\u00e0ria la navegaci\u00f3 a trav\u00e9s del lloc web i la utilitzaci\u00f3 de les diferents opcions i serveis que en ella existeixen). El portal del [&hellip;]","og_url":"https:\/\/ollesapena.com\/cookies\/","og_site_name":"OLL\u00c9 SAPENA PROCURADORES","article_modified_time":"2024-02-01T10:51:30+00:00","twitter_card":"summary_large_image","twitter_misc":{"Temps estimat de lectura":"1 minut"},"schema":{"@context":"https:\/\/schema.org","@graph":[{"@type":"WebPage","@id":"https:\/\/ollesapena.com\/cookies\/","url":"https:\/\/ollesapena.com\/cookies\/","name":"Pol\u00edtica de cookies - OLL\u00c9 SAPENA PROCURADORES","isPartOf":{"@id":"https:\/\/ollesapena.com\/#website"},"datePublished":"2023-06-07T10:33:21+00:00","dateModified":"2024-02-01T10:51:30+00:00","breadcrumb":{"@id":"https:\/\/ollesapena.com\/cookies\/#breadcrumb"},"inLanguage":"ca","potentialAction":[{"@type":"ReadAction","target":["https:\/\/ollesapena.com\/cookies\/"]}]},{"@type":"BreadcrumbList","@id":"https:\/\/ollesapena.com\/cookies\/#breadcrumb","itemListElement":[{"@type":"ListItem","position":1,"name":"Portada","item":"https:\/\/ollesapena.com\/ca\/"},{"@type":"ListItem","position":2,"name":"Pol\u00edtica de cookies"}]},{"@type":"WebSite","@id":"https:\/\/ollesapena.com\/#website","url":"https:\/\/ollesapena.com\/","name":"OLL\u00c9 SAPENA PROCURADORES","description":"Despacho de procuradores en Lleida","publisher":{"@id":"https:\/\/ollesapena.com\/#organization"},"potentialAction":[{"@type":"SearchAction","target":{"@type":"EntryPoint","urlTemplate":"https:\/\/ollesapena.com\/?s={search_term_string}"},"query-input":"required name=search_term_string"}],"inLanguage":"ca"},{"@type":"Organization","@id":"https:\/\/ollesapena.com\/#organization","name":"OLL\u00c9 SAPENA PROCURADORES","url":"https:\/\/ollesapena.com\/","logo":{"@type":"ImageObject","inLanguage":"ca","@id":"https:\/\/ollesapena.com\/#\/schema\/logo\/image\/","url":"https:\/\/ollesapena.com\/wp-content\/uploads\/2022\/03\/1LOGO-OLLE-SAPENA-2.png","contentUrl":"https:\/\/ollesapena.com\/wp-content\/uploads\/2022\/03\/1LOGO-OLLE-SAPENA-2.png","width":515,"height":222,"caption":"OLL\u00c9 SAPENA PROCURADORES"},"image":{"@id":"https:\/\/ollesapena.com\/#\/schema\/logo\/image\/"}}]}},"_links":{"self":[{"href":"https:\/\/ollesapena.com\/ca\/wp-json\/wp\/v2\/pages\/16840","targetHints":{"allow":["GET"]}}],"collection":[{"href":"https:\/\/ollesapena.com\/ca\/wp-json\/wp\/v2\/pages"}],"about":[{"href":"https:\/\/ollesapena.com\/ca\/wp-json\/wp\/v2\/types\/page"}],"author":[{"embeddable":true,"href":"https:\/\/ollesapena.com\/ca\/wp-json\/wp\/v2\/users\/2"}],"replies":[{"embeddable":true,"href":"https:\/\/ollesapena.com\/ca\/wp-json\/wp\/v2\/comments?post=16840"}],"version-history":[{"count":10,"href":"https:\/\/ollesapena.com\/ca\/wp-json\/wp\/v2\/pages\/16840\/revisions"}],"predecessor-version":[{"id":16939,"href":"https:\/\/ollesapena.com\/ca\/wp-json\/wp\/v2\/pages\/16840\/revisions\/16939"}],"wp:attachment":[{"href":"https:\/\/ollesapena.com\/ca\/wp-json\/wp\/v2\/media?parent=16840"}],"curies":[{"name":"wp","href":"https:\/\/api.w.org\/{rel}","templated":true}]}}