{"id":16836,"date":"2023-06-07T10:33:12","date_gmt":"2023-06-07T10:33:12","guid":{"rendered":"https:\/\/ollesapena.com\/aviso-legal\/"},"modified":"2024-02-05T10:35:13","modified_gmt":"2024-02-05T10:35:13","slug":"aviso-legal","status":"publish","type":"page","link":"https:\/\/ollesapena.com\/ca\/aviso-legal\/","title":{"rendered":"Av\u00eds legal"},"content":{"rendered":"<p>[et_pb_section fb_built=&#8221;1&#8243; _builder_version=&#8221;4.21.0&#8243; _module_preset=&#8221;default&#8221; global_colors_info=&#8221;{}&#8221;][et_pb_row _builder_version=&#8221;4.21.0&#8243; _module_preset=&#8221;default&#8221; global_colors_info=&#8221;{}&#8221;][et_pb_column type=&#8221;4_4&#8243; _builder_version=&#8221;4.21.0&#8243; _module_preset=&#8221;default&#8221; global_colors_info=&#8221;{}&#8221;][et_pb_text _builder_version=&#8221;4.21.0&#8243; _module_preset=&#8221;default&#8221; hover_enabled=&#8221;0&#8243; global_colors_info=&#8221;{}&#8221; sticky_enabled=&#8221;0&#8243;]<\/p>\n<h1><strong>AV\u00edS LEGAL<\/strong><\/h1>\n<p><strong>Dret d&#8217;informaci\u00f3<\/strong><\/p>\n<p>En compliment del que es disposa en l&#8217;article 10 de la Llei 34\/2002, d&#8217;11 de juliol, de Serveis de la Societat de la Informaci\u00f3 i de Comer\u00e7 Electr\u00f2nic, <strong>OLLE SPAENA C.B.<\/strong>, com a titular de la p\u00e0gina web ollesapena.com i del seu contingut, posa a la disposici\u00f3 dels usuaris d&#8217;aquesta p\u00e0gina web amb resid\u00e8ncia o acc\u00e9s des del territori espanyol, la seg\u00fcent informaci\u00f3 de car\u00e0cter general:<\/p>\n<p><strong>DADES DEL RESPONSABLE<\/strong><\/p>\n<p><strong>Identitat:<\/strong> OLLE SPAENA C.B.<\/p>\n<p><strong>CIF:<\/strong> E25374356<\/p>\n<p><strong>Direcci\u00f3:<\/strong> C. Santa Marta, n\u00fam 4, ent. 9, C.P. 25007 Lleida<\/p>\n<p><strong>Tel\u00e8fon:<\/strong> +34 97 323 94 25<\/p>\n<p><strong>e-mail: administracio@ollesapena.com <\/strong><\/p>\n<p><strong>Domini:<\/strong> ollesapena.com<\/p>\n<p><strong>Edat per a accedir<\/strong><\/p>\n<p><strong>OLLE SPAENA C.B.<\/strong>, no es fa responsable de la veracitat de les dades rebudes a trav\u00e9s d&#8217;internet. Els serveis oferts per <strong>OLLE SPAENA C.B.<\/strong>, estan dirigits a majors de 18. Per aix\u00f2 els menors de 18 anys no podran accedir i facilitar informaci\u00f3 en els registres i\/ formularis que puguin existir en qualsevol part del nostre lloc web.<\/p>\n<p>Est\u00e0 prohibit l&#8217;acc\u00e9s a aquesta p\u00e0gina web a totes aquelles persones que siguin menors de 18 anys, o sent de major edat no puguin ser destinataris dels serveis oferts per <strong>OLLE SPAENA C.B.<\/strong> de conformitat amb la legislaci\u00f3 del domicili des del qual accedeixin a aquesta p\u00e0gina web.<\/p>\n<p><strong>OLLE SPAENA C.B.<\/strong> es reserva el dret a comprovar, si escau, l&#8217;edat de l&#8217;usuari. Per a aix\u00f2 podr\u00e0 sol\u00b7licitar el DNI.<\/p>\n<p>Amb car\u00e0cter general, els usuaris podran accedir al lloc web de manera lliure i gratu\u00efta. No obstant aix\u00f2, <strong>OLLE SPAENA C.B.<\/strong> es reserva, conforme a la legislaci\u00f3 espanyola vigent el dret a limitar l&#8217;acc\u00e9s a determinades \u00e0rees de la p\u00e0gina web per a aix\u00f2 l&#8217;usuari haur\u00e0 de registrar-se facilitant tota la informaci\u00f3 sol\u00b7licitada, de forma actualitzada i real.<\/p>\n<p>L&#8217;acc\u00e9s autoritzat en aquestes \u00e0rees reservades podr\u00e0 controlar-se a trav\u00e9s de l&#8217;\u00fas de nom d&#8217;usuari i contrasenya o un altre mecanisme similar, la composici\u00f3 del qual haur\u00e0 de ser proposada per l&#8217;usuari i validada per l&#8217;administrador de sistemes de la p\u00e0gina web.<\/p>\n<p>L&#8217;\u00fas del nom d&#8217;usuari i la contrasenya \u00e9s personal i intransferible. En tal sentit, l&#8217;usuari es compromet a fer un \u00fas diligent i a mantenir en secret les dades relatives al proc\u00e9s d&#8217;acc\u00e9s, assumint tota la responsabilitat per les conseq\u00fc\u00e8ncies de la divulgaci\u00f3 a tercers.<\/p>\n<p>En el cas que l&#8217;usuari conegui o sospiti de l&#8217;\u00fas de la seva contrasenya per tercers, haur\u00e0 de posar tal circumst\u00e0ncia en coneixement de <strong>OLLE SPAENA C.B.<\/strong> a trav\u00e9s d&#8217;algun dels mitjans de contacte indicats en l&#8217;apartat d&#8217;informaci\u00f3.<\/p>\n<p><strong>\u00das dels continguts<\/strong><\/p>\n<p>L&#8217;usuari s&#8217;obliga a utilitzar les informacions i serveis del lloc web de conformitat amb la llei i les presents condicions generals, sense actuar en contra la moral, els bons costums i l&#8217;ordre p\u00fablic.<\/p>\n<p><strong>OLLE SPAENA C.B.<\/strong> vetllar\u00e0 en tot moment pel respecte a l&#8217;ordenament jur\u00eddic espanyol vigent en l&#8217;\u00fas per part dels usuaris d&#8217;aquesta p\u00e0gina web, i es reserva el dret a denegar discrecionalment en qualsevol moment i sense necessitat de preav\u00eds l&#8217;acc\u00e9s de qualsevol usuari a aquesta web o a alguna part de la mateixa quan concorri alguna de les conductes no permeses d&#8217;acord amb les presents condicions d&#8217;\u00fas.<\/p>\n<p><strong>Responsabilitat<\/strong><\/p>\n<p><strong>OLLE SPAENA C.B.<\/strong> no es fa responsable, en cap cas, dels danys i perjudicis de qualsevol naturalesa que poguessin ocasionar a l&#8217;usuari sobre errors o omissions en els continguts, falta de disponibilitat del portal o la transmissi\u00f3 de virus o programes maliciosos o lesius en els continguts, malgrat haver adoptat totes les mesures tecnol\u00f2giques necess\u00e0ries per a evitar-ho. Aix\u00ed mateix no garanteix la fiabilitat, la disponibilitat ni la continu\u00eftat dels continguts d&#8217;aquesta p\u00e0gina web, per la qual cosa la utilitzaci\u00f3 dels mateixos per part dels usuaris es duu a terme pel seu propi compte i risc sense que, en cap cas, puguin exigir-se responsabilitats a <strong>OLLE SPAENA C.B.<\/strong> per aquestes circumst\u00e0ncies.<\/p>\n<p><strong>Propietat intelectual<\/strong><\/p>\n<p><strong>OLLE SPAENA C.B.<\/strong> per si o com a cession\u00e0ria, \u00e9s titular de tots els drets de propietat intel\u00b7lectual i industrial de la seva p\u00e0gina Web, aix\u00ed com dels elements continguts en la mateixa (a t\u00edtol enunciatiu, imatges, so, \u00e0udio, v\u00eddeo, programari o textos; marques o logotips, combinacions de colors, estructura i disseny, selecci\u00f3 de materials usats, programes d&#8217;ordinador necessaris per al seu funcionament, acc\u00e9s i \u00fas, etc.), titularitat de <strong>OLLE SPAENA C.B.<\/strong> o b\u00e9 dels seus llicenciadors. Tots els drets reservats. En virtut del que es disposa en la Llei de Propietat Intel\u00b7lectual, queden expressament prohibides la reproducci\u00f3, la distribuci\u00f3 i la comunicaci\u00f3 p\u00fablica, inclosa la seva modalitat de posada a disposici\u00f3, de la totalitat o part dels continguts d&#8217;aquesta p\u00e0gina web, amb finalitats comercials, en qualsevol suport i per qualsevol mitj\u00e0 t\u00e8cnic, sense l&#8217;autoritzaci\u00f3 de <strong>OLLE SPAENA C.B. <\/strong>L&#8217;USUARI es compromet a respectar els drets de Propietat Intel\u00b7lectual i Industrial titularitat de <strong>OLLE SPAENA C.B. <\/strong>Podr\u00e0 visualitzar els elements del portal i fins i tot imprimir-los, copiar-los i emmagatzemar-los en el disc portar del seu ordinador o en qualsevol altre suport f\u00edsic sempre que sigui, exclusivament, per al seu \u00fas personal i privat. L&#8217;USUARI haur\u00e0 d&#8217;abstenir-se de suprimir, alterar, eludir o manipular qualsevol dispositiu de protecci\u00f3 o sistema de seguretat que estigu\u00e9s instal\u00b7lat en el les p\u00e0gines de <strong>OLLE SPAENA C.B.<\/strong><\/p>\n<p><strong>OLLE SPAENA C.B.<\/strong> no assumir\u00e0 cap responsabilitat derivada de l&#8217;\u00fas per tercers del contingut del lloc web i podr\u00e0 exercitar totes les accions civils o penals que li corresponguin en cas d&#8217;infracci\u00f3 d&#8217;aquests drets per part de l&#8217;usuari.<\/p>\n<p><strong>Jurisdicci\u00f3<\/strong><\/p>\n<p>La relaci\u00f3 entre <strong>OLLE SPAENA C.B.<\/strong> i l&#8217;USUARI es regir\u00e0 per la normativa espanyola vigent i qualsevol controv\u00e8rsia se sotmetr\u00e0 als Jutjats i tribunals de la ciutat de Lleida. La redacci\u00f3 de les condicions generals (Av\u00eds legal i pol\u00edtiques de privacitat) han estat redactades en castell\u00e0 a l&#8217;efecte d&#8217;interpretaci\u00f3 del text legal.<\/p>\n<p><strong>Modificacions de les condicions i vig\u00e8ncia<\/strong><\/p>\n<p><strong>OLLE SPAENA C.B.<\/strong> es reserva el dret d&#8217;efectuar sense previ av\u00eds les modificacions que consideri oportunes en el lloc web, podent canviar, suprimir o afegir tant els continguts i serveis que es prestin a trav\u00e9s de la mateixa com la forma i lloc en la qual aquests apareguin presentats o localitzats en el seu lloc web.<\/p>\n<p>La vig\u00e8ncia de les citades condicions anir\u00e0 en funci\u00f3 de la seva exposici\u00f3 i estaran vigents fins que siguin modificades per unes altres degudament publicades<\/p>\n<p>[\/et_pb_text][\/et_pb_column][\/et_pb_row][\/et_pb_section]<\/p>\n","protected":false},"excerpt":{"rendered":"<p>AV\u00edS LEGAL Dret d&#8217;informaci\u00f3 En compliment del que es disposa en l&#8217;article 10 de la Llei 34\/2002, d&#8217;11 de juliol, de Serveis de la Societat de la Informaci\u00f3 i de Comer\u00e7 Electr\u00f2nic, OLLE SPAENA C.B., com a titular de la p\u00e0gina web ollesapena.com i del seu contingut, posa a la disposici\u00f3 dels usuaris d&#8217;aquesta p\u00e0gina [&hellip;]<\/p>\n","protected":false},"author":2,"featured_media":0,"parent":0,"menu_order":0,"comment_status":"closed","ping_status":"closed","template":"","meta":{"_et_pb_use_builder":"on","_et_pb_old_content":"","_et_gb_content_width":"","footnotes":""},"class_list":["post-16836","page","type-page","status-publish","hentry"],"yoast_head":"<!-- This site is optimized with the Yoast SEO plugin v21.9.1 - https:\/\/yoast.com\/wordpress\/plugins\/seo\/ -->\n<title>Av\u00eds legal - OLL\u00c9 SAPENA PROCURADORES<\/title>\n<meta name=\"robots\" content=\"noindex, nofollow\" \/>\n<meta property=\"og:locale\" content=\"ca_ES\" \/>\n<meta property=\"og:type\" content=\"article\" \/>\n<meta property=\"og:title\" content=\"Av\u00eds legal - OLL\u00c9 SAPENA PROCURADORES\" \/>\n<meta property=\"og:description\" content=\"AV\u00edS LEGAL Dret d&#039;informaci\u00f3 En compliment del que es disposa en l&#039;article 10 de la Llei 34\/2002, d&#039;11 de juliol, de Serveis de la Societat de la Informaci\u00f3 i de Comer\u00e7 Electr\u00f2nic, OLLE SPAENA C.B., com a titular de la p\u00e0gina web ollesapena.com i del seu contingut, posa a la disposici\u00f3 dels usuaris d&#039;aquesta p\u00e0gina [&hellip;]\" \/>\n<meta property=\"og:url\" content=\"https:\/\/ollesapena.com\/ca\/aviso-legal\/\" \/>\n<meta property=\"og:site_name\" content=\"OLL\u00c9 SAPENA PROCURADORES\" \/>\n<meta property=\"article:modified_time\" content=\"2024-02-05T10:35:13+00:00\" \/>\n<meta name=\"twitter:card\" content=\"summary_large_image\" \/>\n<meta name=\"twitter:label1\" content=\"Temps estimat de lectura\" \/>\n\t<meta name=\"twitter:data1\" content=\"6 minuts\" \/>\n<script type=\"application\/ld+json\" class=\"yoast-schema-graph\">{\"@context\":\"https:\/\/schema.org\",\"@graph\":[{\"@type\":\"WebPage\",\"@id\":\"https:\/\/ollesapena.com\/ca\/aviso-legal\/\",\"url\":\"https:\/\/ollesapena.com\/ca\/aviso-legal\/\",\"name\":\"Av\u00eds legal - OLL\u00c9 SAPENA PROCURADORES\",\"isPartOf\":{\"@id\":\"https:\/\/ollesapena.com\/#website\"},\"datePublished\":\"2023-06-07T10:33:12+00:00\",\"dateModified\":\"2024-02-05T10:35:13+00:00\",\"breadcrumb\":{\"@id\":\"https:\/\/ollesapena.com\/ca\/aviso-legal\/#breadcrumb\"},\"inLanguage\":\"ca\",\"potentialAction\":[{\"@type\":\"ReadAction\",\"target\":[\"https:\/\/ollesapena.com\/ca\/aviso-legal\/\"]}]},{\"@type\":\"BreadcrumbList\",\"@id\":\"https:\/\/ollesapena.com\/ca\/aviso-legal\/#breadcrumb\",\"itemListElement\":[{\"@type\":\"ListItem\",\"position\":1,\"name\":\"Portada\",\"item\":\"https:\/\/ollesapena.com\/ca\/\"},{\"@type\":\"ListItem\",\"position\":2,\"name\":\"Av\u00eds legal\"}]},{\"@type\":\"WebSite\",\"@id\":\"https:\/\/ollesapena.com\/#website\",\"url\":\"https:\/\/ollesapena.com\/\",\"name\":\"OLL\u00c9 SAPENA PROCURADORES\",\"description\":\"Despacho de procuradores en Lleida\",\"publisher\":{\"@id\":\"https:\/\/ollesapena.com\/#organization\"},\"potentialAction\":[{\"@type\":\"SearchAction\",\"target\":{\"@type\":\"EntryPoint\",\"urlTemplate\":\"https:\/\/ollesapena.com\/?s={search_term_string}\"},\"query-input\":\"required name=search_term_string\"}],\"inLanguage\":\"ca\"},{\"@type\":\"Organization\",\"@id\":\"https:\/\/ollesapena.com\/#organization\",\"name\":\"OLL\u00c9 SAPENA PROCURADORES\",\"url\":\"https:\/\/ollesapena.com\/\",\"logo\":{\"@type\":\"ImageObject\",\"inLanguage\":\"ca\",\"@id\":\"https:\/\/ollesapena.com\/#\/schema\/logo\/image\/\",\"url\":\"https:\/\/ollesapena.com\/wp-content\/uploads\/2022\/03\/1LOGO-OLLE-SAPENA-2.png\",\"contentUrl\":\"https:\/\/ollesapena.com\/wp-content\/uploads\/2022\/03\/1LOGO-OLLE-SAPENA-2.png\",\"width\":515,\"height\":222,\"caption\":\"OLL\u00c9 SAPENA PROCURADORES\"},\"image\":{\"@id\":\"https:\/\/ollesapena.com\/#\/schema\/logo\/image\/\"}}]}<\/script>\n<!-- \/ Yoast SEO plugin. -->","yoast_head_json":{"title":"Av\u00eds legal - OLL\u00c9 SAPENA PROCURADORES","robots":{"index":"noindex","follow":"nofollow"},"og_locale":"ca_ES","og_type":"article","og_title":"Av\u00eds legal - OLL\u00c9 SAPENA PROCURADORES","og_description":"AV\u00edS LEGAL Dret d'informaci\u00f3 En compliment del que es disposa en l'article 10 de la Llei 34\/2002, d'11 de juliol, de Serveis de la Societat de la Informaci\u00f3 i de Comer\u00e7 Electr\u00f2nic, OLLE SPAENA C.B., com a titular de la p\u00e0gina web ollesapena.com i del seu contingut, posa a la disposici\u00f3 dels usuaris d'aquesta p\u00e0gina [&hellip;]","og_url":"https:\/\/ollesapena.com\/ca\/aviso-legal\/","og_site_name":"OLL\u00c9 SAPENA PROCURADORES","article_modified_time":"2024-02-05T10:35:13+00:00","twitter_card":"summary_large_image","twitter_misc":{"Temps estimat de lectura":"6 minuts"},"schema":{"@context":"https:\/\/schema.org","@graph":[{"@type":"WebPage","@id":"https:\/\/ollesapena.com\/ca\/aviso-legal\/","url":"https:\/\/ollesapena.com\/ca\/aviso-legal\/","name":"Av\u00eds legal - OLL\u00c9 SAPENA PROCURADORES","isPartOf":{"@id":"https:\/\/ollesapena.com\/#website"},"datePublished":"2023-06-07T10:33:12+00:00","dateModified":"2024-02-05T10:35:13+00:00","breadcrumb":{"@id":"https:\/\/ollesapena.com\/ca\/aviso-legal\/#breadcrumb"},"inLanguage":"ca","potentialAction":[{"@type":"ReadAction","target":["https:\/\/ollesapena.com\/ca\/aviso-legal\/"]}]},{"@type":"BreadcrumbList","@id":"https:\/\/ollesapena.com\/ca\/aviso-legal\/#breadcrumb","itemListElement":[{"@type":"ListItem","position":1,"name":"Portada","item":"https:\/\/ollesapena.com\/ca\/"},{"@type":"ListItem","position":2,"name":"Av\u00eds legal"}]},{"@type":"WebSite","@id":"https:\/\/ollesapena.com\/#website","url":"https:\/\/ollesapena.com\/","name":"OLL\u00c9 SAPENA PROCURADORES","description":"Despacho de procuradores en Lleida","publisher":{"@id":"https:\/\/ollesapena.com\/#organization"},"potentialAction":[{"@type":"SearchAction","target":{"@type":"EntryPoint","urlTemplate":"https:\/\/ollesapena.com\/?s={search_term_string}"},"query-input":"required name=search_term_string"}],"inLanguage":"ca"},{"@type":"Organization","@id":"https:\/\/ollesapena.com\/#organization","name":"OLL\u00c9 SAPENA PROCURADORES","url":"https:\/\/ollesapena.com\/","logo":{"@type":"ImageObject","inLanguage":"ca","@id":"https:\/\/ollesapena.com\/#\/schema\/logo\/image\/","url":"https:\/\/ollesapena.com\/wp-content\/uploads\/2022\/03\/1LOGO-OLLE-SAPENA-2.png","contentUrl":"https:\/\/ollesapena.com\/wp-content\/uploads\/2022\/03\/1LOGO-OLLE-SAPENA-2.png","width":515,"height":222,"caption":"OLL\u00c9 SAPENA PROCURADORES"},"image":{"@id":"https:\/\/ollesapena.com\/#\/schema\/logo\/image\/"}}]}},"_links":{"self":[{"href":"https:\/\/ollesapena.com\/ca\/wp-json\/wp\/v2\/pages\/16836","targetHints":{"allow":["GET"]}}],"collection":[{"href":"https:\/\/ollesapena.com\/ca\/wp-json\/wp\/v2\/pages"}],"about":[{"href":"https:\/\/ollesapena.com\/ca\/wp-json\/wp\/v2\/types\/page"}],"author":[{"embeddable":true,"href":"https:\/\/ollesapena.com\/ca\/wp-json\/wp\/v2\/users\/2"}],"replies":[{"embeddable":true,"href":"https:\/\/ollesapena.com\/ca\/wp-json\/wp\/v2\/comments?post=16836"}],"version-history":[{"count":17,"href":"https:\/\/ollesapena.com\/ca\/wp-json\/wp\/v2\/pages\/16836\/revisions"}],"predecessor-version":[{"id":16955,"href":"https:\/\/ollesapena.com\/ca\/wp-json\/wp\/v2\/pages\/16836\/revisions\/16955"}],"wp:attachment":[{"href":"https:\/\/ollesapena.com\/ca\/wp-json\/wp\/v2\/media?parent=16836"}],"curies":[{"name":"wp","href":"https:\/\/api.w.org\/{rel}","templated":true}]}}